{"id":765,"date":"2021-04-13T09:21:31","date_gmt":"2021-04-13T09:21:31","guid":{"rendered":"https:\/\/ekonomskiforum.efsa.unsa.ba\/?page_id=765"},"modified":"2024-03-12T14:20:35","modified_gmt":"2024-03-12T14:20:35","slug":"o-forumu","status":"publish","type":"page","link":"https:\/\/ekonomskiforum.efsa.unsa.ba\/index.php\/o-forumu\/","title":{"rendered":"O Forumu"},"content":{"rendered":"\n<p>Ekonomski forum Bosne i Hercegovine se odr\u017eava osmu godinu zaredom te je do sada okupio vi\u0161e od 3000 u\u010desnika, predstavnika bosanskohercegova\u010dke izvr\u0161ne vlasti, predstavnika regionalnih kompanija, diplomatskog sektora i akademske zajednice iz BiH i svijeta. Fokus Ekonomskog foruma BiH 2024 je uloga ciljeva samoodr\u017eivog razvoja kao transformatora dru\u0161tvenih promjena sa posebnom pa\u017enjom na izazove koji se nalaze pred regionom i zemljama u razvoju kakva je Bosna i Hercegovina i Zapadni Balkan. \u00a0<\/p>\n\n\n\n<p>Tema ovogodi\u0161njeg Ekonomskog foruma \u201eSDGs, EU, WB Reformska agenda 2030 \u2013 od konfrontacije do kooperacije<em>\u201c<\/em>\u00a0 bi\u0107e predstavljena kroz dvije sesije a to su: EKONOMIJA (sesija 1) i ZELENA TRANZICIJA (sesija 2). Glavni govornik Foruma 2024 je Zlatko Lagumd\u017eija, stalni predstavnik Bosne i Hercegovine pri UN.<\/p>\n\n\n\n<p>Organizacijom Foruma Ekonomski fakultet Univerziteta u Sarajevu \u017eeli dati doprinos dru\u0161tvenoj zajednici, zbog \u010dega je Forum biti otvoren za sve zainteresirane bez pla\u0107anja kotizacije.<\/p>\n\n\n\n<p><strong>Misija<\/strong><\/p>\n\n\n\n<p>&#8220;Ekonomski forum Bosne i Hercegovine&#8221; kreira sinergiju djelovanja kreatora ekonomskih politika, poslovne i akademske zajednice, a sve u cilju oblikovanja atraktivnog poslovnog ambijenta u Bosni i Hercegovini.<\/p>\n\n\n\n<p>&#8220;Ekonomski forum Bosne i Hercegovine&#8221; je mjesto okupljanja i razmjene mi\u0161ljenja izme\u0111u predstavnika vlasti, kreatora ekonomskih politika, poslovne i akademske zajednice, organizovan od strane Ekonomskog fakulteta, Univerziteta u Sarajevu. Forum \u0107e se baviti svim relevantnim pitanjima koja su od zna\u010daja za stanje u Bosni i Hercegovini, po\u010dev od makroekonomske politike, sektorske politike, poslovnog ambijenta, konkurentnosti bh privrede i kompanija.<\/p>\n\n\n\n<p><strong>Vizija<\/strong><\/p>\n\n\n\n<p>Doprinijeti kreiranju povoljnijeg i atraktivnijeg poslovnog ambijenta u Bosni i Hercegovini.<\/p>\n\n\n\n<p><strong>Ciljevi:<\/strong><\/p>\n\n\n\n<ol type=\"1\"><li>Forum je zami\u0161ljen kao otvoreni dijalog izme\u0111u predstavnika poslovne zajednice, akademije te kreatora ekonomskih politika;<\/li><li>Forum treba da pomogne umre\u017eavanju razli\u010ditih interesnih skupina koje imaju zajedni\u010dki poslovni interes, te da omogu\u0107i prostor za prve bilateralne sastanke;<\/li><li>Forum treba da rezultira sa konkretnim prijedlozima i smjernicama koje \u0107e biti stavljene na raspolaganje kreatorima ekonomskih politika.<\/li><\/ol>\n","protected":false},"excerpt":{"rendered":"<p>Ekonomski forum Bosne i Hercegovine se odr\u017eava osmu godinu zaredom te je do sada okupio vi\u0161e od 3000 u\u010desnika, predstavnika bosanskohercegova\u010dke izvr\u0161ne vlasti, predstavnika regionalnih kompanija, diplomatskog sektora i akademske zajednice iz BiH i svijeta. Fokus Ekonomskog foruma BiH 2024 je uloga ciljeva samoodr\u017eivog razvoja kao transformatora dru\u0161tvenih promjena sa posebnom pa\u017enjom na izazove koji &hellip; <\/p>\n","protected":false},"author":1,"featured_media":0,"parent":0,"menu_order":0,"comment_status":"closed","ping_status":"closed","template":"","meta":[],"_links":{"self":[{"href":"https:\/\/ekonomskiforum.efsa.unsa.ba\/index.php\/wp-json\/wp\/v2\/pages\/765"}],"collection":[{"href":"https:\/\/ekonomskiforum.efsa.unsa.ba\/index.php\/wp-json\/wp\/v2\/pages"}],"about":[{"href":"https:\/\/ekonomskiforum.efsa.unsa.ba\/index.php\/wp-json\/wp\/v2\/types\/page"}],"author":[{"embeddable":true,"href":"https:\/\/ekonomskiforum.efsa.unsa.ba\/index.php\/wp-json\/wp\/v2\/users\/1"}],"replies":[{"embeddable":true,"href":"https:\/\/ekonomskiforum.efsa.unsa.ba\/index.php\/wp-json\/wp\/v2\/comments?post=765"}],"version-history":[{"count":13,"href":"https:\/\/ekonomskiforum.efsa.unsa.ba\/index.php\/wp-json\/wp\/v2\/pages\/765\/revisions"}],"predecessor-version":[{"id":2737,"href":"https:\/\/ekonomskiforum.efsa.unsa.ba\/index.php\/wp-json\/wp\/v2\/pages\/765\/revisions\/2737"}],"wp:attachment":[{"href":"https:\/\/ekonomskiforum.efsa.unsa.ba\/index.php\/wp-json\/wp\/v2\/media?parent=765"}],"curies":[{"name":"wp","href":"https:\/\/api.w.org\/{rel}","templated":true}]}}