{"id":832,"date":"2021-04-14T11:00:21","date_gmt":"2021-04-14T11:00:21","guid":{"rendered":"https:\/\/ekonomskiforum.efsa.unsa.ba\/?page_id=832"},"modified":"2025-05-07T10:58:29","modified_gmt":"2025-05-07T10:58:29","slug":"organizator-2","status":"publish","type":"page","link":"https:\/\/ekonomskiforum.efsa.unsa.ba\/index.php\/organizator-2\/","title":{"rendered":"ORGANIZATOR"},"content":{"rendered":"\n<p>Ekonomski fakultet Univerziteta u Sarajevu osnovan je 1952. godine i vode\u0107a je visokoobrazovna ustanova sa dugom tradicijom. U toku svog postojanja, ovaj fakultet se konstantno razvija i prilago\u0111ava potrebama tr\u017ei\u0161ta rada uvo\u0111enjem brojnih programa iz oblasti ekonomije i poslovne administracije.<\/p>\n\n\n\n<p>Studenti imaju priliku studirati prema najvi\u0161im evropskim standardima i time stje\u010du konkretna, temeljna i specijalisti\u010dka znanja iz razli\u010ditih oblasti ekonomije te se osposobljavaju za rad i djelovanje u svim proizvodnim, finansijskim i dru\u0161tvenim djelatnostima.Na\u0161 fakultet studentima pru\u017ea mnogobrojne mogu\u0107nosti stjecanja prakti\u010dnog iskustva, radnih navika i vje\u0161tina koje \u0107e ih u\u010diniti konkurentnim na tr\u017ei\u0161tu rada.<\/p>\n\n\n\n<p>Kao vode\u0107a javna institucija u domeni ekonomije i menad\u017ementa, Ekonomski fakultet Univerziteta u Sarajevu osigurava edukaciju na svim nivoima (I, II, III ciklusa studija i cjelo\u017eivotno u\u010denje) i u klju\u010dnim podru\u010dijima specijalizacije. Ekonomski fakultet je internacionalizirao programe uvo\u0111enjem smjerova na engleskom jeziku na svim nivoima studija. Uveden je niz \u201edouble\u201c i zajedni\u010dkih studijskih programa s renomiranim univerzitetima iz inostranstva. Razvoj programa \u010dini va\u017ean dio strategije Ekonomskog fakulteta jer podr\u017eava internacionalizaciju, uklju\u010denost poslovne zajednice i postizanje izvrsnosti.<\/p>\n\n\n\n<p>Ono \u0161to na\u0161u Instituciju razlikuje od ostalih je kontinuirana predanost pobolj\u0161anju kvalitete koja je rezultirala sticanjem zna\u010dajnog broja akreditacija od strane presti\u017enih svjetskih akreditacijskih agencija.<\/p>\n\n\n\n<p>Fakultet posjeduje dvije presti\u017ene akreditacije za ekonomske i poslovne fakultete u svijetu:<\/p>\n\n\n\n<ul><li>ameri\u010dku AACSB insitucionalnu akreditaciju \u2013 koja je smjestila Ekonomski fakultet u zajednicu 10% najboljih poslovnih \u0161kola u cijelom svijetu,<\/li><li>evropsku EFMDBachelor programsku akreditaciju koja je potvrda izvrsnosti programa prvog ciklusa studija na engleskom jeziku Financial Management i Marketing Management.<\/li><\/ul>\n\n\n\n<p>Ekonomski fakultet u Sarajevu je organizator i doma\u0107in nekoliko zna\u010dajnih me\u0111unarodnih i regionalnih konferencija:<\/p>\n\n\n\n<ol type=\"1\"><li>CEO konferencija &#8211; najve\u0107a konferencija za mlade u regionu i jedna od najve\u0107ih u Evropi sa preko 100 govornika iz svijeta biznisa i 7.000 u\u010desnika do sada;<\/li><li>ICES i ICOS nau\u010dne me\u0111unarodne konferencije koje okupljaju najuglednije stru\u010dnjake iz akademskog i poslovnog svijeta koji raspravljaju o aktuelnim pitanjima i istra\u017eivanjima u ekonomiji i biznisu,<\/li><li>EMAC sedma regionalna konferencija na kojoj se raspravljalo o najnovijim trendovima u marketingu, o primjeni neuromarketinga u akademiji i praksi, te o zapa\u017eenim istra\u017eivanjima u regionu.<\/li><\/ol>\n","protected":false},"excerpt":{"rendered":"<p>Ekonomski fakultet Univerziteta u Sarajevu osnovan je 1952. godine i vode\u0107a je visokoobrazovna ustanova sa dugom tradicijom. U toku svog postojanja, ovaj fakultet se konstantno razvija i prilago\u0111ava potrebama tr\u017ei\u0161ta rada uvo\u0111enjem brojnih programa iz oblasti ekonomije i poslovne administracije. Studenti imaju priliku studirati prema najvi\u0161im evropskim standardima i time stje\u010du konkretna, temeljna i specijalisti\u010dka &hellip; <\/p>\n","protected":false},"author":1,"featured_media":0,"parent":0,"menu_order":0,"comment_status":"closed","ping_status":"closed","template":"","meta":[],"_links":{"self":[{"href":"https:\/\/ekonomskiforum.efsa.unsa.ba\/index.php\/wp-json\/wp\/v2\/pages\/832"}],"collection":[{"href":"https:\/\/ekonomskiforum.efsa.unsa.ba\/index.php\/wp-json\/wp\/v2\/pages"}],"about":[{"href":"https:\/\/ekonomskiforum.efsa.unsa.ba\/index.php\/wp-json\/wp\/v2\/types\/page"}],"author":[{"embeddable":true,"href":"https:\/\/ekonomskiforum.efsa.unsa.ba\/index.php\/wp-json\/wp\/v2\/users\/1"}],"replies":[{"embeddable":true,"href":"https:\/\/ekonomskiforum.efsa.unsa.ba\/index.php\/wp-json\/wp\/v2\/comments?post=832"}],"version-history":[{"count":4,"href":"https:\/\/ekonomskiforum.efsa.unsa.ba\/index.php\/wp-json\/wp\/v2\/pages\/832\/revisions"}],"predecessor-version":[{"id":10284,"href":"https:\/\/ekonomskiforum.efsa.unsa.ba\/index.php\/wp-json\/wp\/v2\/pages\/832\/revisions\/10284"}],"wp:attachment":[{"href":"https:\/\/ekonomskiforum.efsa.unsa.ba\/index.php\/wp-json\/wp\/v2\/media?parent=832"}],"curies":[{"name":"wp","href":"https:\/\/api.w.org\/{rel}","templated":true}]}}