{"id":909,"date":"2021-04-14T11:55:36","date_gmt":"2021-04-14T11:55:36","guid":{"rendered":"https:\/\/ekonomskiforum.efsa.unsa.ba\/?page_id=909"},"modified":"2022-06-07T07:21:29","modified_gmt":"2022-06-07T07:21:29","slug":"partneri-i-sponzori","status":"publish","type":"page","link":"https:\/\/ekonomskiforum.efsa.unsa.ba\/index.php\/partneri-i-sponzori\/","title":{"rendered":"PARTNERI"},"content":{"rendered":"\n<div class=\"wp-block-image\"><figure class=\"aligncenter size-large is-resized\"><a href=\"https:\/\/www.nizamiganjavi-ic.org\" target=\"_blank\" rel=\"noopener\"><img loading=\"lazy\" src=\"https:\/\/ekonomskiforum.efsa.unsa.ba\/wp-content\/uploads\/2021\/04\/Nizami-1-1024x1024.png\" alt=\"\" class=\"wp-image-916\" width=\"197\" height=\"197\" srcset=\"https:\/\/ekonomskiforum.efsa.unsa.ba\/wp-content\/uploads\/2021\/04\/Nizami-1-1024x1024.png 1024w, https:\/\/ekonomskiforum.efsa.unsa.ba\/wp-content\/uploads\/2021\/04\/Nizami-1-300x300.png 300w, https:\/\/ekonomskiforum.efsa.unsa.ba\/wp-content\/uploads\/2021\/04\/Nizami-1-150x150.png 150w, https:\/\/ekonomskiforum.efsa.unsa.ba\/wp-content\/uploads\/2021\/04\/Nizami-1-768x768.png 768w, https:\/\/ekonomskiforum.efsa.unsa.ba\/wp-content\/uploads\/2021\/04\/Nizami-1-1536x1536.png 1536w, https:\/\/ekonomskiforum.efsa.unsa.ba\/wp-content\/uploads\/2021\/04\/Nizami-1-470x470.png 470w, https:\/\/ekonomskiforum.efsa.unsa.ba\/wp-content\/uploads\/2021\/04\/Nizami-1.png 1700w\" sizes=\"(max-width: 197px) 100vw, 197px\" \/><\/a><\/figure><\/div>\n\n\n\n<p class=\"has-small-font-size\">Me\u0111unarodni centar Nizami Ganjavi je kulturna, neprofitna, nepoliti\u010dka organizacija posve\u0107ena sje\u0107anju na velikog azerbejd\u017eanskog pjesnika Nizamija Ganjavija i prou\u010davanju i \u0161irenju njegovih djela s misijom izgradnje dijaloga i razumijevanja izme\u0111u kultura i naroda za izgradnja funkcionalnih i inkluzivnih dru\u0161tava. Glavna misija Centra je promovirati u\u010denje, toleranciju, dijalog i razumijevanje u svijetu koji je na mnogo na\u010dina danas uistinu bez barijera i s nevi\u0111enim pristupom znanju i brzim informacijama, a opet suo\u010den s nikad vi\u0161e problema u novijoj povijesti \u010dine\u0107i \u010detiri osnovna stupa Imperativ Me\u0111unarodnog centra Nizami Ganjavi.<\/p>\n\n\n\n<p><\/p>\n\n\n\n<div class=\"wp-block-image\"><figure class=\"aligncenter size-large is-resized\"><a href=\"https:\/\/ssvsa.org\" target=\"_blank\" rel=\"noopener\"><img loading=\"lazy\" src=\"https:\/\/ekonomskiforum.efsa.unsa.ba\/wp-content\/uploads\/2021\/04\/LogoEnSVGB.png\" alt=\"\" class=\"wp-image-921\" width=\"244\" height=\"112\"\/><\/a><\/figure><\/div>\n\n\n\n<p class=\"has-small-font-size\">Fondacija \u201cDru\u0161tva zajedni\u010dkih vrijednosti\u201d, Sarajevo, je neprofitna organizacija osnovana 2014. godine u Sarajevu, Bosna i Hercegovina. Glavni cilj Fondacije je promocija koncepta zajedni\u010dkih dru\u0161tava i stvaranje zajedni\u010dkih vrijednosti, ne samo u Bosni i Hercegovini i \u0161irom regije Balkana, ve\u0107 i na globalnom planu.  Kroz istoriju, Bosna i Hercegovina bila je izvor me\u0111usobnog oboga\u0107ivanja, razumijevanja me\u0111u svim ljudima, kao i primjer uzajamnog po\u0161tovanja kada su u pitanju vjerske i kulturne razlike i sli\u010dnosti<\/p>\n\n\n\n<div class=\"wp-block-image\"><figure class=\"aligncenter size-large is-resized\"><a href=\"https:\/\/www.unsdsn.org\/western-balkans\"><img loading=\"lazy\" src=\"https:\/\/www.efsa.unsa.ba\/ef\/sites\/default\/files\/sdsn-networks-logo-western-balkans.png\" alt=\"\" width=\"202\" height=\"94\"\/><\/a><\/figure><\/div>\n\n\n\n<p class=\"has-small-font-size\">U koordinaciji sa Jeffery Sacshom, prije nepune tri godine, Fondacija dru\u0161tva zajedni\u010dkih vrijednosti je pokrenula inicijativu za stvaranje Mre\u017ee rje\u0161enja odr\u017eivog razvoja Zapadnog Balkana \u201eSDSN Western Balkan Network\u201c. Na\u017ealost, pandemija je na kratko prekinula aktivnosti uspostave Mre\u017ee, ali nakon opse\u017enog proces skrininga, inicijativu za uspostavu Mre\u017ee je potrdilo vodstvo SDSN-a te je time i prihva\u0107ena Mre\u017ea SDSN-a za Zapadni Balkan od strane Globalnog sekretarijata SDSN-a. Predsjedavanje Mre\u017eom je povjereno Fondaciji dru\u0161tva zajedni\u010dkih vrijednosti, Ekonomskom Institutu i Ekonomskom fakultetu Univerziteta u Sarajevu.<\/p>\n\n\n\n<p class=\"has-small-font-size\">SDSN Zapadnog Balkana mobilizira akademsku zajednicu da provede najnoviju ekspertizu u odr\u017eivom razvoju, u akciju sa fokusom na: <br>1. Pru\u017eanje i mibiliziranje podr\u0161ke SDG, uklju\u010duju\u0107i podr\u0161ku vladama u razumijevanju i rje\u0161avanju izazova odr\u017eivog razvoja<br>2. Promoviranje prakti\u010dnih inicijativa rje\u0161enja i dugoro\u010dnih puteva za odr\u017eivi razvoj<br>3. Promoviranje visokokvalitetnog obrazovanja i istra\u017eiva\u010dke saradnje za odr\u017eivi razvoj.<br><br>Cilj SDSN-a Zapadnog Balkana je mobilikzacijaobrazovnih i istra\u017eiva\u010dkih institucija, organizacija civilnog dru\u0161tva i biznisa za postizanje Agende 2030 i dalje. Plan je da se to u\u010dini kroz stvaranje i radjavnoj, privatnoj zajednici i institucionalnoj svijesti, osje\u0107aju hitnosti i anga\u017emanu; podu\u010davanje regije \u2013 analiza, pristup i unapre\u0111enje orbazovanja o ciljevima odr\u017eivog razvoja izelenoj ekonomiji; oblikovanje dijaloga i predstavljanje platforme za razmjenuideja i iskustava za podsticanje sistemskih rje\u0161enja i mobiliziranje akcija; savjetovanje donosioca odluka u politici, biznisu i dru\u0161tvu u cjelini; iniciranje i ja\u010danje zemalja Zpadnog Balkana i \u0161ire; koordinacija i podr\u0161ka od strane od strane SDSN Gr\u010dka i SDSN Europe.<br><br>Akcije SDSN Svjetske banke, analize i preporuke politike \u0107e biti \u201cfiltrirane\u201d kroz \u0161est klju\u010dnih transformacija za SDG: 1. Obrazovanje, inkluzija, poslovi, rast. 2. Zdravlje i dobrobit 3. \u010cista energija i industrija, 4. Odr\u017eiva hrana, kori\u0161tenje zemlji\u0161ta i okeani\/mora 5. Pametni gradovi i transport i 6. Digitalne tehnologije i e-uprava.<br><br>Bosna i Hercegovina ne bi trebala biti samo centar SDSN Zapadnog Balnma, ve\u0107 i ogledni primjer uspje\u0161nosti i liderstva u domenu ispunjavnja Agende 2030 sa fokusom na odr\u017eivi razvoj i tranziciju ka zelenoj ekonomiji.<\/p>\n","protected":false},"excerpt":{"rendered":"<p>Me\u0111unarodni centar Nizami Ganjavi je kulturna, neprofitna, nepoliti\u010dka organizacija posve\u0107ena sje\u0107anju na velikog azerbejd\u017eanskog pjesnika Nizamija Ganjavija i prou\u010davanju i \u0161irenju njegovih djela s misijom izgradnje dijaloga i razumijevanja izme\u0111u kultura i naroda za izgradnja funkcionalnih i inkluzivnih dru\u0161tava. Glavna misija Centra je promovirati u\u010denje, toleranciju, dijalog i razumijevanje u svijetu koji je na mnogo &hellip; <\/p>\n","protected":false},"author":1,"featured_media":0,"parent":0,"menu_order":0,"comment_status":"closed","ping_status":"closed","template":"","meta":[],"_links":{"self":[{"href":"https:\/\/ekonomskiforum.efsa.unsa.ba\/index.php\/wp-json\/wp\/v2\/pages\/909"}],"collection":[{"href":"https:\/\/ekonomskiforum.efsa.unsa.ba\/index.php\/wp-json\/wp\/v2\/pages"}],"about":[{"href":"https:\/\/ekonomskiforum.efsa.unsa.ba\/index.php\/wp-json\/wp\/v2\/types\/page"}],"author":[{"embeddable":true,"href":"https:\/\/ekonomskiforum.efsa.unsa.ba\/index.php\/wp-json\/wp\/v2\/users\/1"}],"replies":[{"embeddable":true,"href":"https:\/\/ekonomskiforum.efsa.unsa.ba\/index.php\/wp-json\/wp\/v2\/comments?post=909"}],"version-history":[{"count":18,"href":"https:\/\/ekonomskiforum.efsa.unsa.ba\/index.php\/wp-json\/wp\/v2\/pages\/909\/revisions"}],"predecessor-version":[{"id":10367,"href":"https:\/\/ekonomskiforum.efsa.unsa.ba\/index.php\/wp-json\/wp\/v2\/pages\/909\/revisions\/10367"}],"wp:attachment":[{"href":"https:\/\/ekonomskiforum.efsa.unsa.ba\/index.php\/wp-json\/wp\/v2\/media?parent=909"}],"curies":[{"name":"wp","href":"https:\/\/api.w.org\/{rel}","templated":true}]}}